{"id":1934,"date":"2025-11-27T19:03:59","date_gmt":"2025-11-27T18:03:59","guid":{"rendered":"https:\/\/www.matdesign.pl\/en\/?page_id=1934"},"modified":"2025-12-17T22:32:10","modified_gmt":"2025-12-17T21:32:10","slug":"0306-raja","status":"publish","type":"page","link":"https:\/\/www.matdesign.pl\/en\/our-portfolio\/puricelli-compact-surfaces\/0306-raja\/","title":{"rendered":"0306 Marmur mglisty"},"content":{"rendered":"<div class=\"su-row\">\n<div class=\"su-column su-column-size-1-2\"><div class=\"su-column-inner su-u-clearfix su-u-trim\">\n<p><strong>0306 Marmur mglisty<\/strong> to dekor inspirowany naturalnym kamieniem o subtelnym, mineralnym rysunku i harmonijnie przeplataj\u0105cych si\u0119 tonach szaro\u015bci. Jego elegancka, lekko chropowata struktura dfromaje powierzchni g\u0142\u0119bi, tworz\u0105c efekt realistycznego, matowego kamienia o uniwersalnym charakterze.<\/p>\n<p>Blat w dekorze <strong>Marmur mglisty<\/strong> idealnie sprawdza si\u0119 w nowoczesnych kuchniach i \u0142azienkach, oferuj\u0105c jednocze\u015bnie estetyk\u0119 naturalnego surowca oraz trwa\u0142o\u015b\u0107 laminatu HPL. Neutralna kolorystyka u\u0142atwia \u0142\u0105czenie z drewnem, metalem i jednobarwnymi frontami, tworz\u0105c sp\u00f3jn\u0105 i ponadczasow\u0105 aran\u017cacj\u0119.<\/p>\n<p><strong>Format:<\/strong> 4200mm x 1300mm x 12mm<\/p>\n<p><strong>Do pobrania:<\/strong><\/p>\n<ul>\n<li><a href=\"https:\/\/www.matdesign.pl\/en\/wp-content\/uploads\/2025\/12\/blaty-kompaktowe-karta-techniczna.pdf\" target=\"_blank\" rel=\"noopener\">karta techniczna<\/a><\/li>\n<li><a href=\"https:\/\/www.matdesign.pl\/en\/wp-content\/uploads\/2025\/12\/blaty-kompaktowe-instrukcja-przed-obrobka.pdf\" target=\"_blank\" rel=\"noopener\">instrukcja obr\u00f3bki<\/a><\/li>\n<li><a href=\"https:\/\/www.matdesign.pl\/en\/wp-content\/uploads\/2025\/12\/blaty-kompaktowe-instrukcja.pdf\" target=\"_blank\" rel=\"noopener\">instrukcja u\u017cytkownika<\/a><\/li>\n<\/ul>\n<\/div><\/div>\n<div class=\"su-column su-column-size-1-2\"><div class=\"su-column-inner su-u-clearfix su-u-trim\">\n<p><a href=\"https:\/\/www.matdesign.pl\/en\/wp-content\/uploads\/2025\/11\/0306-Raja-scaled.jpg\"><img loading=\"lazy\" decoding=\"async\" class=\"aligncenter size-full wp-image-1937\" src=\"https:\/\/www.matdesign.pl\/en\/wp-content\/uploads\/2025\/11\/0306-Raja960.jpg\" alt=\"\" width=\"960\" height=\"960\" srcset=\"https:\/\/www.matdesign.pl\/en\/wp-content\/uploads\/2025\/11\/0306-Raja960.jpg 960w, https:\/\/www.matdesign.pl\/en\/wp-content\/uploads\/2025\/11\/0306-Raja960-300x300.jpg 300w, https:\/\/www.matdesign.pl\/en\/wp-content\/uploads\/2025\/11\/0306-Raja960-500x500.jpg 500w, https:\/\/www.matdesign.pl\/en\/wp-content\/uploads\/2025\/11\/0306-Raja960-768x768.jpg 768w\" sizes=\"auto, (max-width: 960px) 100vw, 960px\" \/><\/a><\/p>\n<\/div><\/div>\n<\/div>\n","protected":false},"excerpt":{"rendered":"","protected":false},"author":1,"featured_media":0,"parent":1876,"menu_order":0,"comment_status":"closed","ping_status":"closed","template":"","meta":{"ngg_post_thumbnail":0,"footnotes":""},"class_list":["post-1934","page","type-page","status-publish","hentry"],"aioseo_notices":[],"_links":{"self":[{"href":"https:\/\/www.matdesign.pl\/en\/wp-json\/wp\/v2\/pages\/1934","targetHints":{"allow":["GET"]}}],"collection":[{"href":"https:\/\/www.matdesign.pl\/en\/wp-json\/wp\/v2\/pages"}],"about":[{"href":"https:\/\/www.matdesign.pl\/en\/wp-json\/wp\/v2\/types\/page"}],"author":[{"embeddable":true,"href":"https:\/\/www.matdesign.pl\/en\/wp-json\/wp\/v2\/users\/1"}],"replies":[{"embeddable":true,"href":"https:\/\/www.matdesign.pl\/en\/wp-json\/wp\/v2\/comments?post=1934"}],"version-history":[{"count":7,"href":"https:\/\/www.matdesign.pl\/en\/wp-json\/wp\/v2\/pages\/1934\/revisions"}],"predecessor-version":[{"id":1994,"href":"https:\/\/www.matdesign.pl\/en\/wp-json\/wp\/v2\/pages\/1934\/revisions\/1994"}],"up":[{"embeddable":true,"href":"https:\/\/www.matdesign.pl\/en\/wp-json\/wp\/v2\/pages\/1876"}],"wp:attachment":[{"href":"https:\/\/www.matdesign.pl\/en\/wp-json\/wp\/v2\/media?parent=1934"}],"curies":[{"name":"wp","href":"https:\/\/api.w.org\/{rel}","templated":true}]}}