{"id":1905,"date":"2025-11-27T11:50:10","date_gmt":"2025-11-27T10:50:10","guid":{"rendered":"https:\/\/www.matdesign.pl\/en\/?page_id=1905"},"modified":"2025-12-17T22:33:50","modified_gmt":"2025-12-17T21:33:50","slug":"6247-himalaya","status":"publish","type":"page","link":"https:\/\/www.matdesign.pl\/en\/our-portfolio\/puricelli-compact-surfaces\/6247-himalaya\/","title":{"rendered":"6247 Marmur Himalajski"},"content":{"rendered":"<div class=\"su-row\">\n<div class=\"su-column su-column-size-1-2\"><div class=\"su-column-inner su-u-clearfix su-u-trim\">\n<p><strong>6247 Marmur Himalajski<\/strong>&nbsp;to dekor inspirowany jasnym, subtelnie us\u0142ojonym kamieniem o delikatnych, naturalnych przej\u015bciach tonalnych. Jego elegancka, mineralna struktura nadaje wn\u0119trzom lekko\u015bci i harmonii, tworz\u0105c spokojne, ponadczasowe t\u0142o dla nowoczesnych i klasycznych aran\u017cacji.<\/p>\n<p>Powierzchnia blatu wyr\u00f3\u017cnia si\u0119 matowym wyko\u0144czeniem, kt\u00f3re pfromkre\u015bla autentyczno\u015b\u0107 kamiennego wzoru oraz zwi\u0119ksza komfort u\u017cytkowania. Dzi\u0119ki zastosowaniu laminatu HPL, dekor <strong>Marmur Himalajski<\/strong>&nbsp;\u0142\u0105czy efekt naturalnego kamienia z wysok\u0105 fromporno\u015bci\u0105 na wilgo\u0107, zarysowania i cfromzienne obci\u0105\u017cenia.<\/p>\n<p>Idealny to kuchni, \u0142azienek i zabud\u00f3w meblowych, kt\u00f3re wymagaj\u0105 jednocze\u015bnie estetyki i trwa\u0142o\u015bci.<\/p>\n<p><strong>Format:<\/strong> 4200mm x 1300mm x 12mm<\/p>\n<p><strong>Do pobrania:<\/strong><\/p>\n<ul>\n<li><a href=\"https:\/\/www.matdesign.pl\/en\/wp-content\/uploads\/2025\/12\/blaty-kompaktowe-karta-techniczna.pdf\" target=\"_blank\" rel=\"noopener\">karta techniczna<\/a><\/li>\n<li><a href=\"https:\/\/www.matdesign.pl\/en\/wp-content\/uploads\/2025\/12\/blaty-kompaktowe-instrukcja-przed-obrobka.pdf\" target=\"_blank\" rel=\"noopener\">instrukcja obr\u00f3bki<\/a><\/li>\n<li><a href=\"https:\/\/www.matdesign.pl\/en\/wp-content\/uploads\/2025\/12\/blaty-kompaktowe-instrukcja.pdf\" target=\"_blank\" rel=\"noopener\">instrukcja u\u017cytkownika<\/a><\/li>\n<\/ul>\n<\/div><\/div>\n<div class=\"su-column su-column-size-1-2\"><div class=\"su-column-inner su-u-clearfix su-u-trim\"> <a href=\"https:\/\/www.matdesign.pl\/en\/wp-content\/uploads\/2025\/11\/6247-HIMALAYA-1-scaled.jpg\"><img loading=\"lazy\" decoding=\"async\" class=\"aligncenter size-full wp-image-1907\" src=\"https:\/\/www.matdesign.pl\/en\/wp-content\/uploads\/2025\/11\/6247-HIMALAYA.jpg\" alt=\"6247 Himalaya\" width=\"960\" height=\"960\" srcset=\"https:\/\/www.matdesign.pl\/en\/wp-content\/uploads\/2025\/11\/6247-HIMALAYA.jpg 960w, https:\/\/www.matdesign.pl\/en\/wp-content\/uploads\/2025\/11\/6247-HIMALAYA-300x300.jpg 300w, https:\/\/www.matdesign.pl\/en\/wp-content\/uploads\/2025\/11\/6247-HIMALAYA-500x500.jpg 500w, https:\/\/www.matdesign.pl\/en\/wp-content\/uploads\/2025\/11\/6247-HIMALAYA-768x768.jpg 768w\" sizes=\"auto, (max-width: 960px) 100vw, 960px\" \/><\/a> <\/div><\/div>\n<\/div>\n","protected":false},"excerpt":{"rendered":"","protected":false},"author":1,"featured_media":0,"parent":1876,"menu_order":0,"comment_status":"closed","ping_status":"closed","template":"","meta":{"ngg_post_thumbnail":0,"footnotes":""},"class_list":["post-1905","page","type-page","status-publish","hentry"],"aioseo_notices":[],"_links":{"self":[{"href":"https:\/\/www.matdesign.pl\/en\/wp-json\/wp\/v2\/pages\/1905","targetHints":{"allow":["GET"]}}],"collection":[{"href":"https:\/\/www.matdesign.pl\/en\/wp-json\/wp\/v2\/pages"}],"about":[{"href":"https:\/\/www.matdesign.pl\/en\/wp-json\/wp\/v2\/types\/page"}],"author":[{"embeddable":true,"href":"https:\/\/www.matdesign.pl\/en\/wp-json\/wp\/v2\/users\/1"}],"replies":[{"embeddable":true,"href":"https:\/\/www.matdesign.pl\/en\/wp-json\/wp\/v2\/comments?post=1905"}],"version-history":[{"count":8,"href":"https:\/\/www.matdesign.pl\/en\/wp-json\/wp\/v2\/pages\/1905\/revisions"}],"predecessor-version":[{"id":1996,"href":"https:\/\/www.matdesign.pl\/en\/wp-json\/wp\/v2\/pages\/1905\/revisions\/1996"}],"up":[{"embeddable":true,"href":"https:\/\/www.matdesign.pl\/en\/wp-json\/wp\/v2\/pages\/1876"}],"wp:attachment":[{"href":"https:\/\/www.matdesign.pl\/en\/wp-json\/wp\/v2\/media?parent=1905"}],"curies":[{"name":"wp","href":"https:\/\/api.w.org\/{rel}","templated":true}]}}