{"id":1902,"date":"2025-11-27T11:48:19","date_gmt":"2025-11-27T10:48:19","guid":{"rendered":"https:\/\/www.matdesign.pl\/en\/?page_id=1902"},"modified":"2025-12-17T22:34:38","modified_gmt":"2025-12-17T21:34:38","slug":"6310-nero-tunisi","status":"publish","type":"page","link":"https:\/\/www.matdesign.pl\/en\/our-portfolio\/puricelli-compact-surfaces\/6310-nero-tunisi\/","title":{"rendered":"6310 Czarny marmur Sahary"},"content":{"rendered":"<div class=\"su-row\">\n<div class=\"su-column su-column-size-1-2\"><div class=\"su-column-inner su-u-clearfix su-u-trim\">\n<p><strong>6310 Czarny marmur Sahary<\/strong>&nbsp;to g\u0142\u0119boki, ciemny dekor o eleganckim, mineralnym rysunku inspirowanym naturalnym kamieniem. Subtelne, grafitowe i antracytowe przej\u015bcia kolorystyczne nadaj\u0105 mu wyrazisto\u015bci, a jednocze\u015bnie pozostawiaj\u0105 wra\u017cenie harmonii i nowoczesnej prostoty.<\/p>\n<p>Matowa, delikatnie chropowata powierzchnia pfromkre\u015bla autentyczny charakter kamienia, tworz\u0105c efekt premium idealny to kuchni, \u0142azienek oraz aran\u017cacji o industrialnym lub mfromernistycznym stylu.<\/p>\n<p>Blat <strong>Czarny marmur Sahary<\/strong>, wykonany z laminatu HPL, cechuje si\u0119 wysok\u0105 fromporno\u015bci\u0105 na zarysowania, wilgo\u0107 i cfromzienne u\u017cytkowanie, dzi\u0119ki czemu \u0142\u0105czy atrakcyjny wygl\u0105d z funkcjonalno\u015bci\u0105 i trwa\u0142o\u015bci\u0105.<\/p>\n<p><strong>Format:<\/strong> 4200mm x 1300mm x 12mm<\/p>\n<p><strong>Do pobrania:<\/strong><\/p>\n<ul>\n<li><a href=\"https:\/\/www.matdesign.pl\/en\/wp-content\/uploads\/2025\/12\/blaty-kompaktowe-karta-techniczna.pdf\" target=\"_blank\" rel=\"noopener\">karta techniczna<\/a><\/li>\n<li><a href=\"https:\/\/www.matdesign.pl\/en\/wp-content\/uploads\/2025\/12\/blaty-kompaktowe-instrukcja-przed-obrobka.pdf\" target=\"_blank\" rel=\"noopener\">instrukcja obr\u00f3bki<\/a><\/li>\n<li><a href=\"https:\/\/www.matdesign.pl\/en\/wp-content\/uploads\/2025\/12\/blaty-kompaktowe-instrukcja.pdf\" target=\"_blank\" rel=\"noopener\">instrukcja u\u017cytkownika<\/a><\/li>\n<\/ul>\n<\/div><\/div>\n<div class=\"su-column su-column-size-1-2\"><div class=\"su-column-inner su-u-clearfix su-u-trim\"> <a href=\"https:\/\/www.matdesign.pl\/en\/wp-content\/uploads\/2025\/11\/6310-nero-tunisi.webp\"><img loading=\"lazy\" decoding=\"async\" class=\"aligncenter size-full wp-image-1903\" src=\"https:\/\/www.matdesign.pl\/en\/wp-content\/uploads\/2025\/11\/6310-nero-tunisi.webp\" alt=\"6310 Nero Tunisi\" width=\"960\" height=\"960\" srcset=\"https:\/\/www.matdesign.pl\/en\/wp-content\/uploads\/2025\/11\/6310-nero-tunisi.webp 960w, https:\/\/www.matdesign.pl\/en\/wp-content\/uploads\/2025\/11\/6310-nero-tunisi-300x300.webp 300w, https:\/\/www.matdesign.pl\/en\/wp-content\/uploads\/2025\/11\/6310-nero-tunisi-500x500.webp 500w, https:\/\/www.matdesign.pl\/en\/wp-content\/uploads\/2025\/11\/6310-nero-tunisi-768x768.webp 768w\" sizes=\"auto, (max-width: 960px) 100vw, 960px\" \/><\/a> <\/div><\/div>\n<\/div>\n","protected":false},"excerpt":{"rendered":"","protected":false},"author":1,"featured_media":0,"parent":1876,"menu_order":0,"comment_status":"closed","ping_status":"closed","template":"","meta":{"ngg_post_thumbnail":0,"footnotes":""},"class_list":["post-1902","page","type-page","status-publish","hentry"],"aioseo_notices":[],"_links":{"self":[{"href":"https:\/\/www.matdesign.pl\/en\/wp-json\/wp\/v2\/pages\/1902","targetHints":{"allow":["GET"]}}],"collection":[{"href":"https:\/\/www.matdesign.pl\/en\/wp-json\/wp\/v2\/pages"}],"about":[{"href":"https:\/\/www.matdesign.pl\/en\/wp-json\/wp\/v2\/types\/page"}],"author":[{"embeddable":true,"href":"https:\/\/www.matdesign.pl\/en\/wp-json\/wp\/v2\/users\/1"}],"replies":[{"embeddable":true,"href":"https:\/\/www.matdesign.pl\/en\/wp-json\/wp\/v2\/comments?post=1902"}],"version-history":[{"count":6,"href":"https:\/\/www.matdesign.pl\/en\/wp-json\/wp\/v2\/pages\/1902\/revisions"}],"predecessor-version":[{"id":1997,"href":"https:\/\/www.matdesign.pl\/en\/wp-json\/wp\/v2\/pages\/1902\/revisions\/1997"}],"up":[{"embeddable":true,"href":"https:\/\/www.matdesign.pl\/en\/wp-json\/wp\/v2\/pages\/1876"}],"wp:attachment":[{"href":"https:\/\/www.matdesign.pl\/en\/wp-json\/wp\/v2\/media?parent=1902"}],"curies":[{"name":"wp","href":"https:\/\/api.w.org\/{rel}","templated":true}]}}