{"id":1898,"date":"2025-11-27T11:46:33","date_gmt":"2025-11-27T10:46:33","guid":{"rendered":"https:\/\/www.matdesign.pl\/en\/?page_id=1898"},"modified":"2026-01-21T14:47:04","modified_gmt":"2026-01-21T13:47:04","slug":"6240-cividale-maldon","status":"publish","type":"page","link":"https:\/\/www.matdesign.pl\/en\/our-portfolio\/puricelli-compact-surfaces\/6240-cividale-maldon\/","title":{"rendered":"6240 Kamie\u0144 Malton"},"content":{"rendered":"<div class=\"su-row\">\n<div class=\"su-column su-column-size-1-2\"><div class=\"su-column-inner su-u-clearfix su-u-trim\">\n<p><strong>6240 Kamie\u0144 Malton<\/strong>&nbsp;to dekor o wyrazistym, kamiennym charakterze, inspirowany szlachetn\u0105 struktur\u0105 naturalnych ska\u0142. Jego powierzchnia \u0142\u0105czy nieregularne \u017cy\u0142owania i mineralne kontrasty, kt\u00f3re nadaj\u0105 aran\u017cacjom g\u0142\u0119bi i elegancji. Subtelnie matowe wyko\u0144czenie pfromkre\u015bla autentyczno\u015b\u0107 kamiennej faktury, tworz\u0105c efekt premium.<\/p>\n<p>Blat w dekorze <strong>Kamie\u0144 Malton<\/strong>&nbsp;\u015bwietnie sprawdza si\u0119 w nowoczesnych i industrialnych wn\u0119trzach \u2013 zar\u00f3wno w kuchniach, jak i \u0142azienkach czy przestrzeniach komercyjnych. Trwa\u0142y laminat HPL zapewnia wysok\u0105 fromporno\u015b\u0107 na wilgo\u0107, zarysowania i cfromzienne u\u017cytkowanie, jednocze\u015bnie zachowuj\u0105c estetyk\u0119 naturalnego surowca.<\/p>\n<p><strong>Format:<\/strong> 4200mm x 1300mm x 12mm<\/p>\n<p><strong>Do pobrania:<\/strong><\/p>\n<ul>\n<li><a href=\"https:\/\/www.matdesign.pl\/en\/wp-content\/uploads\/2025\/12\/blaty-kompaktowe-karta-techniczna.pdf\" target=\"_blank\" rel=\"noopener\">karta techniczna<\/a><\/li>\n<li><a href=\"https:\/\/www.matdesign.pl\/en\/wp-content\/uploads\/2025\/12\/blaty-kompaktowe-instrukcja-przed-obrobka.pdf\" target=\"_blank\" rel=\"noopener\">instrukcja obr\u00f3bki<\/a><\/li>\n<li><a href=\"https:\/\/www.matdesign.pl\/en\/wp-content\/uploads\/2025\/12\/blaty-kompaktowe-instrukcja.pdf\" target=\"_blank\" rel=\"noopener\">instrukcja u\u017cytkownika<\/a><\/li>\n<\/ul>\n<\/div><\/div>\n<div class=\"su-column su-column-size-1-2\"><div class=\"su-column-inner su-u-clearfix su-u-trim\"> <a href=\"https:\/\/www.matdesign.pl\/en\/wp-content\/uploads\/2026\/01\/6240-cividale-maldon.webp\"><img loading=\"lazy\" decoding=\"async\" src=\"https:\/\/www.matdesign.pl\/en\/wp-content\/uploads\/2026\/01\/6240-cividale-maldon.webp\" alt=\"\" width=\"960\" height=\"960\" class=\"aligncenter size-full wp-image-2231\" srcset=\"https:\/\/www.matdesign.pl\/en\/wp-content\/uploads\/2026\/01\/6240-cividale-maldon.webp 960w, https:\/\/www.matdesign.pl\/en\/wp-content\/uploads\/2026\/01\/6240-cividale-maldon-300x300.webp 300w, https:\/\/www.matdesign.pl\/en\/wp-content\/uploads\/2026\/01\/6240-cividale-maldon-500x500.webp 500w, https:\/\/www.matdesign.pl\/en\/wp-content\/uploads\/2026\/01\/6240-cividale-maldon-768x768.webp 768w\" sizes=\"auto, (max-width: 960px) 100vw, 960px\" \/><\/a> <\/div><\/div>\n<\/div>\n","protected":false},"excerpt":{"rendered":"","protected":false},"author":1,"featured_media":0,"parent":1876,"menu_order":0,"comment_status":"closed","ping_status":"closed","template":"","meta":{"ngg_post_thumbnail":0,"footnotes":""},"class_list":["post-1898","page","type-page","status-publish","hentry"],"aioseo_notices":[],"_links":{"self":[{"href":"https:\/\/www.matdesign.pl\/en\/wp-json\/wp\/v2\/pages\/1898","targetHints":{"allow":["GET"]}}],"collection":[{"href":"https:\/\/www.matdesign.pl\/en\/wp-json\/wp\/v2\/pages"}],"about":[{"href":"https:\/\/www.matdesign.pl\/en\/wp-json\/wp\/v2\/types\/page"}],"author":[{"embeddable":true,"href":"https:\/\/www.matdesign.pl\/en\/wp-json\/wp\/v2\/users\/1"}],"replies":[{"embeddable":true,"href":"https:\/\/www.matdesign.pl\/en\/wp-json\/wp\/v2\/comments?post=1898"}],"version-history":[{"count":8,"href":"https:\/\/www.matdesign.pl\/en\/wp-json\/wp\/v2\/pages\/1898\/revisions"}],"predecessor-version":[{"id":2232,"href":"https:\/\/www.matdesign.pl\/en\/wp-json\/wp\/v2\/pages\/1898\/revisions\/2232"}],"up":[{"embeddable":true,"href":"https:\/\/www.matdesign.pl\/en\/wp-json\/wp\/v2\/pages\/1876"}],"wp:attachment":[{"href":"https:\/\/www.matdesign.pl\/en\/wp-json\/wp\/v2\/media?parent=1898"}],"curies":[{"name":"wp","href":"https:\/\/api.w.org\/{rel}","templated":true}]}}