{"id":1894,"date":"2025-11-27T11:45:20","date_gmt":"2025-11-27T10:45:20","guid":{"rendered":"https:\/\/www.matdesign.pl\/en\/?page_id=1894"},"modified":"2025-12-17T22:33:02","modified_gmt":"2025-12-17T21:33:02","slug":"6152-lase-pure","status":"publish","type":"page","link":"https:\/\/www.matdesign.pl\/en\/our-portfolio\/puricelli-compact-surfaces\/6152-lase-pure\/","title":{"rendered":"6152 Marmur Lasa"},"content":{"rendered":"<div class=\"su-row\">\n<div class=\"su-column su-column-size-1-2\"><div class=\"su-column-inner su-u-clearfix su-u-trim\">\n<p><strong>6152 Marmur Lasa<\/strong>&nbsp;to elegancki dekor o subtelnym, jasnym rysunku inspirowanym naturalnym kamieniem. Delikatne, mineralne przej\u015bcia kolorystyczne nadaj\u0105 mu lekko\u015bci i nowoczesnej estetyki, dzi\u0119ki czemu \u015bwietnie komponuje si\u0119 zar\u00f3wno z drewnianymi, jak i jednolitymi frontami meblowymi.<\/p>\n<p>Blat wykonany z laminatu HPL na p\u0142ycie wi\u00f3rowej wyr\u00f3\u017cnia si\u0119 wysok\u0105 fromporno\u015bci\u0105 na cfromzienne u\u017cytkowanie, wilgo\u0107 i zarysowania. Jego stonowana, neutralna paleta barw sprawia, \u017ce <strong>Marmur Lasa<\/strong>&nbsp;toskonale fromnajduje si\u0119 w kuchniach, \u0142azienkach oraz projektach komercyjnych, tworz\u0105c jasn\u0105, czyst\u0105 i ponadczasow\u0105 baz\u0119 aran\u017cacyjn\u0105.<\/p>\n<p><strong>Format:<\/strong> 4200mm x 1300mm x 12mm<\/p>\n<p><strong>Do pobrania:<\/strong><\/p>\n<ul>\n<li><a href=\"https:\/\/www.matdesign.pl\/en\/wp-content\/uploads\/2025\/12\/blaty-kompaktowe-karta-techniczna.pdf\" target=\"_blank\" rel=\"noopener\">karta techniczna<\/a><\/li>\n<li><a href=\"https:\/\/www.matdesign.pl\/en\/wp-content\/uploads\/2025\/12\/blaty-kompaktowe-instrukcja-przed-obrobka.pdf\" target=\"_blank\" rel=\"noopener\">instrukcja obr\u00f3bki<\/a><\/li>\n<li><a href=\"https:\/\/www.matdesign.pl\/en\/wp-content\/uploads\/2025\/12\/blaty-kompaktowe-instrukcja.pdf\" target=\"_blank\" rel=\"noopener\">instrukcja u\u017cytkownika<\/a><\/li>\n<\/ul>\n<\/div><\/div>\n<div class=\"su-column su-column-size-1-2\"><div class=\"su-column-inner su-u-clearfix su-u-trim\"> <a href=\"https:\/\/www.matdesign.pl\/en\/wp-content\/uploads\/2025\/11\/6152-lase-pure.webp\"><img loading=\"lazy\" decoding=\"async\" class=\"aligncenter size-full wp-image-1896\" src=\"https:\/\/www.matdesign.pl\/en\/wp-content\/uploads\/2025\/11\/6152-lase-pure.webp\" alt=\"6152 Lase Pure\" width=\"960\" height=\"960\" srcset=\"https:\/\/www.matdesign.pl\/en\/wp-content\/uploads\/2025\/11\/6152-lase-pure.webp 960w, https:\/\/www.matdesign.pl\/en\/wp-content\/uploads\/2025\/11\/6152-lase-pure-300x300.webp 300w, https:\/\/www.matdesign.pl\/en\/wp-content\/uploads\/2025\/11\/6152-lase-pure-500x500.webp 500w, https:\/\/www.matdesign.pl\/en\/wp-content\/uploads\/2025\/11\/6152-lase-pure-768x768.webp 768w\" sizes=\"auto, (max-width: 960px) 100vw, 960px\" \/><\/a> <\/div><\/div>\n<\/div>\n","protected":false},"excerpt":{"rendered":"","protected":false},"author":1,"featured_media":0,"parent":1876,"menu_order":0,"comment_status":"closed","ping_status":"closed","template":"","meta":{"ngg_post_thumbnail":0,"footnotes":""},"class_list":["post-1894","page","type-page","status-publish","hentry"],"aioseo_notices":[],"_links":{"self":[{"href":"https:\/\/www.matdesign.pl\/en\/wp-json\/wp\/v2\/pages\/1894","targetHints":{"allow":["GET"]}}],"collection":[{"href":"https:\/\/www.matdesign.pl\/en\/wp-json\/wp\/v2\/pages"}],"about":[{"href":"https:\/\/www.matdesign.pl\/en\/wp-json\/wp\/v2\/types\/page"}],"author":[{"embeddable":true,"href":"https:\/\/www.matdesign.pl\/en\/wp-json\/wp\/v2\/users\/1"}],"replies":[{"embeddable":true,"href":"https:\/\/www.matdesign.pl\/en\/wp-json\/wp\/v2\/comments?post=1894"}],"version-history":[{"count":7,"href":"https:\/\/www.matdesign.pl\/en\/wp-json\/wp\/v2\/pages\/1894\/revisions"}],"predecessor-version":[{"id":1995,"href":"https:\/\/www.matdesign.pl\/en\/wp-json\/wp\/v2\/pages\/1894\/revisions\/1995"}],"up":[{"embeddable":true,"href":"https:\/\/www.matdesign.pl\/en\/wp-json\/wp\/v2\/pages\/1876"}],"wp:attachment":[{"href":"https:\/\/www.matdesign.pl\/en\/wp-json\/wp\/v2\/media?parent=1894"}],"curies":[{"name":"wp","href":"https:\/\/api.w.org\/{rel}","templated":true}]}}