{"id":1890,"date":"2025-11-27T11:43:00","date_gmt":"2025-11-27T10:43:00","guid":{"rendered":"https:\/\/www.matdesign.pl\/en\/?page_id=1890"},"modified":"2025-12-03T15:05:15","modified_gmt":"2025-12-03T14:05:15","slug":"6014-marmo-zebra","status":"publish","type":"page","link":"https:\/\/www.matdesign.pl\/en\/our-portfolio\/puricelli-compact-surfaces\/6014-marmo-zebra\/","title":{"rendered":"6014 Marmur Zebra"},"content":{"rendered":"<div class=\"su-row\">\n<div class=\"su-column su-column-size-1-2\"><div class=\"su-column-inner su-u-clearfix su-u-trim\">\n<p data-start=\"75\" data-end=\"323\"><strong data-start=\"75\" data-end=\"95\">6014 Marmur Zebra<\/strong>&nbsp;to elegancki dekor inspirowany naturalnym marmurem o charakterystycznym, pasmowym uk\u0142adzie \u017cy\u0142. Kontrast jasnych i ciemnych linii nadaje powierzchni dynamiczny, nowoczesny wygl\u0105d, idealny to wn\u0119trz o pfromwy\u017cszonym standardzie.<\/p>\n<p data-start=\"325\" data-end=\"615\">Blat wykonany jest na bazie p\u0142yty wi\u00f3rowej pokrytej trwa\u0142ym laminatem HPL, co zapewnia wysok\u0105 fromporno\u015b\u0107 na zarysowania, wilgo\u0107 i temperatur\u0119. Realistyczna struktura kamienia oraz stonowana kolorystyka sprawiaj\u0105, \u017ce dekor \u015bwietnie komponuje si\u0119 zar\u00f3wno z drewnem, jak i jednolitymi kolorami.<\/p>\n<p data-start=\"617\" data-end=\"759\">Doskonale sprawdzi si\u0119 w kuchniach, \u0142azienkach, na wyspach oraz w zabutowach meblowych, tworz\u0105c eleganck\u0105 i ponadczasow\u0105 powierzchni\u0119 robocz\u0105.<\/p>\n<p><strong>Format:<\/strong> 4200mm x 1300mm x 12mm<\/p>\n<p><strong>Do pobrania:<\/strong><\/p>\n<ul>\n<li><a href=\"https:\/\/www.matdesign.pl\/en\/wp-content\/uploads\/2025\/12\/blaty-kompaktowe-karta-techniczna.pdf\" target=\"_blank\" rel=\"noopener\">karta techniczna<\/a><\/li>\n<li><a href=\"https:\/\/www.matdesign.pl\/en\/wp-content\/uploads\/2025\/12\/blaty-kompaktowe-instrukcja-przed-obrobka.pdf\" target=\"_blank\" rel=\"noopener\">instrukcja obr\u00f3bki<\/a><\/li>\n<li><a href=\"https:\/\/www.matdesign.pl\/en\/wp-content\/uploads\/2025\/12\/blaty-kompaktowe-instrukcja.pdf\" target=\"_blank\" rel=\"noopener\">instrukcja u\u017cytkownika<\/a><\/li>\n<\/ul>\n<p>&nbsp;<\/div><\/div>\n<div class=\"su-column su-column-size-1-2\"><div class=\"su-column-inner su-u-clearfix su-u-trim\"> <a href=\"https:\/\/www.matdesign.pl\/en\/wp-content\/uploads\/2025\/11\/6014-marmo-zebra.jpg\"><img loading=\"lazy\" decoding=\"async\" class=\"aligncenter size-full wp-image-1891\" src=\"https:\/\/www.matdesign.pl\/en\/wp-content\/uploads\/2025\/11\/6014-marmo-zebra.jpg\" alt=\"6014 Marmo Mebra\" width=\"1440\" height=\"1440\" srcset=\"https:\/\/www.matdesign.pl\/en\/wp-content\/uploads\/2025\/11\/6014-marmo-zebra.jpg 1440w, https:\/\/www.matdesign.pl\/en\/wp-content\/uploads\/2025\/11\/6014-marmo-zebra-300x300.jpg 300w, https:\/\/www.matdesign.pl\/en\/wp-content\/uploads\/2025\/11\/6014-marmo-zebra-1024x1024.jpg 1024w, https:\/\/www.matdesign.pl\/en\/wp-content\/uploads\/2025\/11\/6014-marmo-zebra-500x500.jpg 500w, https:\/\/www.matdesign.pl\/en\/wp-content\/uploads\/2025\/11\/6014-marmo-zebra-768x768.jpg 768w\" sizes=\"auto, (max-width: 1440px) 100vw, 1440px\" \/><\/a> <\/div><\/div>\n<\/div>\n","protected":false},"excerpt":{"rendered":"","protected":false},"author":1,"featured_media":0,"parent":1876,"menu_order":0,"comment_status":"closed","ping_status":"closed","template":"","meta":{"ngg_post_thumbnail":0,"footnotes":""},"class_list":["post-1890","page","type-page","status-publish","hentry"],"aioseo_notices":[],"_links":{"self":[{"href":"https:\/\/www.matdesign.pl\/en\/wp-json\/wp\/v2\/pages\/1890","targetHints":{"allow":["GET"]}}],"collection":[{"href":"https:\/\/www.matdesign.pl\/en\/wp-json\/wp\/v2\/pages"}],"about":[{"href":"https:\/\/www.matdesign.pl\/en\/wp-json\/wp\/v2\/types\/page"}],"author":[{"embeddable":true,"href":"https:\/\/www.matdesign.pl\/en\/wp-json\/wp\/v2\/users\/1"}],"replies":[{"embeddable":true,"href":"https:\/\/www.matdesign.pl\/en\/wp-json\/wp\/v2\/comments?post=1890"}],"version-history":[{"count":6,"href":"https:\/\/www.matdesign.pl\/en\/wp-json\/wp\/v2\/pages\/1890\/revisions"}],"predecessor-version":[{"id":1970,"href":"https:\/\/www.matdesign.pl\/en\/wp-json\/wp\/v2\/pages\/1890\/revisions\/1970"}],"up":[{"embeddable":true,"href":"https:\/\/www.matdesign.pl\/en\/wp-json\/wp\/v2\/pages\/1876"}],"wp:attachment":[{"href":"https:\/\/www.matdesign.pl\/en\/wp-json\/wp\/v2\/media?parent=1890"}],"curies":[{"name":"wp","href":"https:\/\/api.w.org\/{rel}","templated":true}]}}