{"id":1885,"date":"2025-11-27T11:39:04","date_gmt":"2025-11-27T10:39:04","guid":{"rendered":"https:\/\/www.matdesign.pl\/en\/?page_id=1885"},"modified":"2025-12-17T22:35:14","modified_gmt":"2025-12-17T21:35:14","slug":"0164-cachemire","status":"publish","type":"page","link":"https:\/\/www.matdesign.pl\/en\/our-portfolio\/puricelli-compact-surfaces\/0164-cachemire\/","title":{"rendered":"0164 Kaszmir szlachetny"},"content":{"rendered":"<div class=\"su-row\">\n<div class=\"su-column su-column-size-1-2\"><div class=\"su-column-inner su-u-clearfix su-u-trim\">\n<p data-start=\"63\" data-end=\"375\"><strong data-start=\"63\" data-end=\"94\">Blat meblowy 0164 Kaszmir szlachetny<\/strong>&nbsp;to eleganckie i nowoczesne rozwi\u0105zanie dla wn\u0119trz utrzymanych w stonowanej, wyrafinowanej kolorystyce. Jego subtelny, ciep\u0142o-szarobe\u017cowy fromcie\u0144 \u0142\u0105czy w sobie delikatno\u015b\u0107 be\u017cu z nut\u0105 szaro\u015bci, tworz\u0105c harmonijne t\u0142o zar\u00f3wno dla jasnych, jak i ciemniejszych element\u00f3w wyposa\u017cenia.<\/p>\n<p data-start=\"377\" data-end=\"663\">Powierzchnia blatu jest matowa i przyjemna w totyku, co nadaje meblom ponadczasowy, minimalistyczny charakter. Dekor <strong>Kaszmir szlachetny<\/strong> \u015bwietnie sprawdza si\u0119 w nowoczesnych kuchniach, \u0142azienkach, a tak\u017ce w projektach komercyjnych, gdzie liczy si\u0119 elegancja oraz uniwersalno\u015b\u0107 kolorystyczna.<\/p>\n<p data-start=\"665\" data-end=\"1004\">Blat charakteryzuje si\u0119 wysok\u0105 fromporno\u015bci\u0105 na zarysowania, wilgo\u0107 i dzia\u0142anie temperatur typowych dla cfromziennego u\u017cytkowania. Dzi\u0119ki temu jest nie tylko estetyczny, ale r\u00f3wnie\u017c praktyczny i trwa\u0142y. Jego neutralna barwa pozwala na \u0142atwe \u0142\u0105czenie z drewnianymi dekorami, betonem czy elementami metalowymi, tworz\u0105c sp\u00f3jne, stylowe aran\u017cacje.<\/p>\n<p><strong>Format:<\/strong> 4200mm x 1300mm x 12mm<\/p>\n<p><strong>Do pobrania:<\/strong><\/p>\n<ul>\n<li><a href=\"https:\/\/www.matdesign.pl\/en\/wp-content\/uploads\/2025\/12\/blaty-kompaktowe-karta-techniczna.pdf\" target=\"_blank\" rel=\"noopener\">karta techniczna<\/a><\/li>\n<li><a href=\"https:\/\/www.matdesign.pl\/en\/wp-content\/uploads\/2025\/12\/blaty-kompaktowe-instrukcja-przed-obrobka.pdf\" target=\"_blank\" rel=\"noopener\">instrukcja obr\u00f3bki<\/a><\/li>\n<li><a href=\"https:\/\/www.matdesign.pl\/en\/wp-content\/uploads\/2025\/12\/blaty-kompaktowe-instrukcja.pdf\" target=\"_blank\" rel=\"noopener\">instrukcja u\u017cytkownika<\/a><\/li>\n<\/ul>\n<\/div><\/div>\n<div class=\"su-column su-column-size-1-2\"><div class=\"su-column-inner su-u-clearfix su-u-trim\"> <a href=\"https:\/\/www.matdesign.pl\/en\/wp-content\/uploads\/2025\/11\/0164-cachemire.jpeg\"><img loading=\"lazy\" decoding=\"async\" class=\"aligncenter size-full wp-image-1887\" src=\"https:\/\/www.matdesign.pl\/en\/wp-content\/uploads\/2025\/11\/0164-cachemire.jpeg\" alt=\"0164 Cachemire\" width=\"960\" height=\"960\" srcset=\"https:\/\/www.matdesign.pl\/en\/wp-content\/uploads\/2025\/11\/0164-cachemire.jpeg 512w, https:\/\/www.matdesign.pl\/en\/wp-content\/uploads\/2025\/11\/0164-cachemire-300x300.jpeg 300w, https:\/\/www.matdesign.pl\/en\/wp-content\/uploads\/2025\/11\/0164-cachemire-500x500.jpeg 500w\" sizes=\"auto, (max-width: 960px) 100vw, 960px\" \/><\/a> <\/div><\/div>\n<\/div>\n","protected":false},"excerpt":{"rendered":"","protected":false},"author":1,"featured_media":0,"parent":1876,"menu_order":0,"comment_status":"closed","ping_status":"closed","template":"","meta":{"ngg_post_thumbnail":0,"footnotes":""},"class_list":["post-1885","page","type-page","status-publish","hentry"],"aioseo_notices":[],"_links":{"self":[{"href":"https:\/\/www.matdesign.pl\/en\/wp-json\/wp\/v2\/pages\/1885","targetHints":{"allow":["GET"]}}],"collection":[{"href":"https:\/\/www.matdesign.pl\/en\/wp-json\/wp\/v2\/pages"}],"about":[{"href":"https:\/\/www.matdesign.pl\/en\/wp-json\/wp\/v2\/types\/page"}],"author":[{"embeddable":true,"href":"https:\/\/www.matdesign.pl\/en\/wp-json\/wp\/v2\/users\/1"}],"replies":[{"embeddable":true,"href":"https:\/\/www.matdesign.pl\/en\/wp-json\/wp\/v2\/comments?post=1885"}],"version-history":[{"count":12,"href":"https:\/\/www.matdesign.pl\/en\/wp-json\/wp\/v2\/pages\/1885\/revisions"}],"predecessor-version":[{"id":1998,"href":"https:\/\/www.matdesign.pl\/en\/wp-json\/wp\/v2\/pages\/1885\/revisions\/1998"}],"up":[{"embeddable":true,"href":"https:\/\/www.matdesign.pl\/en\/wp-json\/wp\/v2\/pages\/1876"}],"wp:attachment":[{"href":"https:\/\/www.matdesign.pl\/en\/wp-json\/wp\/v2\/media?parent=1885"}],"curies":[{"name":"wp","href":"https:\/\/api.w.org\/{rel}","templated":true}]}}